{"id":29591,"date":"2024-05-25T11:00:02","date_gmt":"2024-05-25T09:00:02","guid":{"rendered":"https:\/\/www.serpe-surete.com\/legals-informations\/"},"modified":"2024-06-12T18:43:38","modified_gmt":"2024-06-12T16:43:38","slug":"cookie-policy","status":"publish","type":"page","link":"https:\/\/www.serpe-surete.com\/en\/cookie-policy\/","title":{"rendered":"Cookie Policy"},"content":{"rendered":"<div class=\"row page-header-no-bg\" data-alignment=\"left\">\n<div class=\"container\">\n<div class=\"col span_12 section-title\">\n<h1>Politique d&#8217;utilisation des cookies<\/h1>\n<\/div>\n<\/div>\n<\/div>\n<h2><strong>Qu\u2019est-ce qu\u2019un cookie ?<\/strong><\/h2>\n<p>Un cookie est un petit fichier qui est plac\u00e9 sur votre terminal (ordinateur, t\u00e9l\u00e9phone portable, montre connect\u00e9e, tablette, \u2026) lorsque vous consultez les pages de notre site. Il permet de lire certaines informations li\u00e9es \u00e0 votre terminal ou \u00e0 votre comportement sur le site, telles que vos pr\u00e9f\u00e9rences ou vos identifiants de session. Ces informations peuvent \u00eatre n\u00e9cessaires pour vous garantir l\u2019acc\u00e8s au site.<\/p>\n<p>Sogetrel est soucieux de garantir le respect de votre vie priv\u00e9e. C\u2019est pourquoi nous utilisons les cookies dans les limites et conditions pr\u00e9vues par la r\u00e9glementation et la CNIL.<\/p>\n<p>Si vous avez des questions ou commentaires, veuillez nous contacter \u00e0 l\u2019adresse mail suivante\u00a0:\u00a0<a href=\"mailto:contact@serpe-surete.com\">contact@serpe-surete.com<\/a>.<\/p>\n<h2><strong>Quels cookies sont utilis\u00e9s sur notre site ? Pourquoi\u00a0? Pendant combien de temps\u00a0?<\/strong><\/h2>\n<p>Les cookies peuvent \u00eatre d\u00e9pos\u00e9s par Sogetrel ou par des tiers. Dans cette hypoth\u00e8se, nous vous indiquons l\u2019identit\u00e9 de ces tiers et vous communiquons un lien vers leur politique de confidentialit\u00e9.<\/p>\n<p>Les cookies utilis\u00e9s peuvent \u00eatre de diff\u00e9rentes sortes\u00a0: il peut s\u2019agir de cookies techniques ou de fonctionnalit\u00e9, de cookies de mesure d\u2019audience ou encore de cookies des services de partage de vid\u00e9o.<\/p>\n<ul>\n<li><strong><u>Les cookies techniques ou de fonctionnalit\u00e9<\/u><\/strong><\/li>\n<\/ul>\n<p>Ces cookies sont strictement n\u00e9cessaires au site pour fonctionner de mani\u00e8re optimale. Conform\u00e9ment \u00e0 la r\u00e9glementation applicable, leur utilisation ne n\u00e9cessite pas le recueil de votre consentement.<\/p>\n<p>Toutefois, vous pouvez vous opposer \u00e0 l\u2019utilisation de ces cookies et les supprimer \u00e0 tout moment en utilisant les param\u00e8tres de votre navigateur. Dans cette hypoth\u00e8se, certaines caract\u00e9ristiques du site peuvent \u00eatre alt\u00e9r\u00e9es et dans certains cas, vous ne pourrez plus acc\u00e9der au site ou \u00e0 nos services.<\/p>\n<p>Ce site n\u2019utilise pas de cookies techniques ou de fonctionnalit\u00e9.<\/p>\n<ul>\n<li><strong><u>Les cookies de mesure d\u2019audience<\/u><\/strong><\/li>\n<\/ul>\n<p>Ces cookies recueillent des informations sur la fa\u00e7on dont les visiteurs utilisent le site. Par exemple, le nombre de visites ou les pages les plus visit\u00e9es, ce qui nous permet d\u2019am\u00e9liorer les fonctionnalit\u00e9s du site afin de l\u2019adapter \u00e0 vos attentes.<\/p>\n<p>Certains cookies de mesures d\u2019audience sont exempt\u00e9s de consentement. C\u2019est le cas des cookies pour lesquels\u00a0:<\/p>\n<ul>\n<li>La finalit\u00e9 est limit\u00e9e \u00e0 la seule mesure de l\u2019audience du site.<\/li>\n<li>Le suivi global de votre navigation\u00a0n\u2019est pas possible.<\/li>\n<li>Les donn\u00e9es statistiques qui en r\u00e9sultent sont anonymes.<\/li>\n<li>Les \u00e9ventuelles donn\u00e9es \u00e0 caract\u00e8re personnel collect\u00e9es par leur biais ne peuvent pas \u00eatre<\/li>\n<\/ul>\n<p>recoup\u00e9es avec d\u2019autres traitements ni transmises \u00e0 des tiers.<\/p>\n<p>Toutefois, vous pouvez vous opposer \u00e0 l\u2019utilisation de ces cookies et les supprimer \u00e0 tout moment en utilisant les param\u00e8tres de votre navigateur. Dans cette hypoth\u00e8se, votre exp\u00e9rience utilisateur risque d\u2019\u00eatre d\u00e9grad\u00e9e.<\/p>\n<p>Ce site n\u2019utilise pas de cookies exempt\u00e9s de consentement sur le site.<\/p>\n<p>D\u2019autres cookies de mesure d\u2019audience peuvent \u00eatre utilis\u00e9s sur le site avec votre consentement pr\u00e9alable. Vous pouvez modifier vos pr\u00e9f\u00e9rences \u00e0 tout moment gr\u00e2ce \u00e0 notre gestionnaire de cookies Axeptio\u00a0ou en utilisant les param\u00e8tres de votre navigateur.<\/p>\n<p>La liste de ces cookies est la suivante\u00a0:<\/p>\n<ol>\n<li>_ga (Google Analytics \u2013 2 ans) : ce cookie est install\u00e9 par Google Analytics. Ce cookie est utilis\u00e9 pour calculer les donn\u00e9es relatives aux visiteurs, aux sessions de connexion et aux campagnes dans le but de permettre un suivi de l\u2019utilisation du site et la consultation de rapports. Les cookies stockent les informations de mani\u00e8re anonyme et attribuent un num\u00e9ro g\u00e9n\u00e9r\u00e9 de mani\u00e8re al\u00e9atoire pour identifier les visiteurs uniques.<\/li>\n<li>_gat (Google Analytics \u2013 jour) : ce cookie est plac\u00e9 par Google et est utilis\u00e9 pour distinguer les utilisateurs.<\/li>\n<li>_gid (Google Analytics \u2013 1 jour) : ce cookie est install\u00e9 par Google Analytics. Ce cookie sert \u00e0 stocker des informations sur la fa\u00e7on dont les visiteurs utilisent un site web dans le but d\u2019aider \u00e0 cr\u00e9er des rapports d\u2019analyse sur les performances du site. Les donn\u00e9es recueillies sont anonymes et comprennent le nombre de visiteurs, leur provenance et le d\u00e9tail des pages visit\u00e9es.<\/li>\n<\/ol>\n<ul>\n<li><strong><u>Les cookies des services de partage de vid\u00e9o<\/u><\/strong><\/li>\n<\/ul>\n<p>Les cookies des services de partage de vid\u00e9o participent \u00e0 am\u00e9liorer l\u2019attractivit\u00e9 des sites. Ils vous permettent de visionner des contenus multim\u00e9dias sur le site.\u00a0Lorsque ces cookies sont fournis par des tiers, ces tiers via ces cookies collecteront et utiliseront \u00e9galement vos donn\u00e9es de navigation pour leur propre compte afin d\u2019\u00e9ventuellement vous cibler avec de la publicit\u00e9 et des contenus en fonction de votre historique de navigation.<\/p>\n<p>Ces cookies sont soumis au recueil de votre consentement pr\u00e9alable. Vous pouvez modifier vos pr\u00e9f\u00e9rences \u00e0 tout moment gr\u00e2ce \u00e0 notre gestionnaire de cookies ou en utilisant les param\u00e8tres de votre navigateur.<\/p>\n<p>Ce site n\u2019utilise pas de cookies des services de partage de vid\u00e9o.<\/p>\n<h2><strong>Quelle est la dur\u00e9e de vie d\u2019un cookie\u00a0?<\/strong><\/h2>\n<p>Chaque cookie a une dur\u00e9e de vie limit\u00e9e. \u00c0 l\u2019issue de cette dur\u00e9e, les cookies seront supprim\u00e9s de votre navigateur. Dans l\u2019hypoth\u00e8se o\u00f9 vous retirez votre consentement ou vous opposez aux cookies avant la fin de ce d\u00e9lai, les cookies seront imm\u00e9diatement supprim\u00e9s de votre navigateur.<\/p>\n<h2><strong>Existe-t-il un lien entre les cookies et les donn\u00e9es \u00e0 caract\u00e8re personnel\u00a0?<\/strong><\/h2>\n<p>Certaines des donn\u00e9es qui sont collect\u00e9es au moyen des cookies sont des donn\u00e9es \u00e0 caract\u00e8re personnel vous concernant (ex\u00a0: votre adresse IP, votre identifiant MAC).<\/p>\n<p>Nous vous invitons \u00e0 consulter notre\u00a0<a href=\"https:\/\/www.serpe-surete.com\/politique-de-confidentialite\/\">Politique de confidentialit\u00e9<\/a>\u00a0afin d\u2019obtenir toutes les informations relatives aux traitements que nous effectuons concernant vos donn\u00e9es \u00e0 caract\u00e8re personnel.<\/p>\n<p>Lorsque les cookies sont fournis par des tiers, l\u2019acceptation de ces cookies peut entra\u00eener un traitement de vos donn\u00e9es \u00e0 caract\u00e8re personnel effectu\u00e9 par ces tiers. Pour en savoir plus, nous vous invitons \u00e0 consulter les Politiques de confidentialit\u00e9 de ces tiers.<\/p>\n<p>La liste des tiers pouvant utiliser des cookies sur notre site est la suivante\u00a0:<\/p>\n<p>Google Analytics\u00a0:\u00a0<a href=\"https:\/\/policies.google.com\/privacy?hl=fr\">https:\/\/policies.google.com\/privacy?hl=fr<\/a><\/p>\n<h2><strong>Comment s\u2019opposer aux cookies ?<\/strong><\/h2>\n<p>Il existe 2 solutions pour vous opposer aux cookies \u00e0 tout moment.<\/p>\n<ul>\n<li>Pour les cookies fond\u00e9s sur votre consentement\u00a0:\u00a0Vous pouvez utiliser notre module de param\u00e9trage des cookies Axeptio situ\u00e9 en bas \u00e0 gauche de chacune des pages de notre site web pour\u00a0vous opposer \u00e0 tout ou partie de ces cookies.<\/li>\n<li>Pour tous les cookies\u00a0: Vous pouvez modifier le param\u00e9trage de votre navigateur Internet pour vous opposer \u00e0 l\u2019ensemble des cookies ou seulement \u00e0 certains d\u2019entre eux. Les r\u00e8gles de param\u00e9trage sont diff\u00e9rentes en fonction du navigateur utilis\u00e9.<\/li>\n<li><strong>Google Chrome\u00a0: <\/strong>Cliquez sur l\u2019ic\u00f4ne \u00ab\u00a0Menu\u00a0\u00bb symbolis\u00e9 par trois points. Cliquez sur l\u2019onglet \u00ab\u00a0Param\u00e8tres\u00a0\u00bb. Dans la rubrique \u00ab\u00a0Confidentialit\u00e9 et s\u00e9curit\u00e9\u00a0\u00bb, cliquez sur \u00ab\u00a0Cookies et autres donn\u00e9es des sites\u00a0\u00bb. S\u00e9lectionnez vos pr\u00e9f\u00e9rences.<\/li>\n<li><strong>Firefox\u00a0:<\/strong> Cliquez sur le bouton \u00ab\u00a0Menu\u00a0\u00bb en haut \u00e0 droite de la fen\u00eatre ouverte symbolis\u00e9 par trois traits horizontaux. S\u00e9lectionnez le menu \u00ab Options \u00bb. Cliquez sur l\u2019onglet \u00ab Vie priv\u00e9e et s\u00e9curit\u00e9 \u00bb. Dans la rubrique \u00ab\u00a0Vie priv\u00e9e\u00a0\u00bb, s\u00e9lectionnez le mode \u00ab\u00a0Personnalis\u00e9e\u00a0\u00bb. Cochez la case \u00ab\u00a0Cookies\u00a0\u00bb. Vous pouvez affiner vos pr\u00e9f\u00e9rences en utilisant le menu d\u00e9roulant qui s\u2019affiche \u00e0 droite de la case \u00ab\u00a0Cookies\u00a0\u00bb.<\/li>\n<li><strong>Internet Explorer\u00a0:<\/strong> Acc\u00e9dez au menu \u00ab\u00a0Outils\u00a0\u00bb symbolis\u00e9 par une roue. Cliquez sur \u00ab\u00a0Options Internet\u00a0\u00bb. Cliquez sur l\u2019onglet \u00ab\u00a0Confidentialit\u00e9\u00a0\u00bb. Cliquez sur \u00ab\u00a0Avanc\u00e9\u00a0\u00bb. S\u00e9lectionnez vos pr\u00e9f\u00e9rences. Sauvegardez vos pr\u00e9f\u00e9rences en cliquant sur \u00ab\u00a0OK\u00a0\u00bb.<\/li>\n<li><strong>Safari\u00a0:<\/strong> Dans Safari, cliquez sur \u00ab\u00a0Safari\u00a0\u00bb, puis \u00ab\u00a0Pr\u00e9f\u00e9rences\u00a0\u00bb. Cliquez sur l\u2019ic\u00f4ne \u00ab\u00a0Confidentialit\u00e9\u00a0\u00bb. Vous pouvez \u00ab\u00a0Emp\u00eacher le suivi\u00a0\u00bb pour demander aux sites web de ne plus vous suivre et \u00ab\u00a0Bloquer les cookies \u00bb pour supprimer les cookies d\u00e9j\u00e0 d\u00e9pos\u00e9s dans votre navigateur.<\/li>\n<\/ul>\n<h2><strong>Plus d\u2019informations sur les cookies<\/strong><\/h2>\n<p>Nous vous invitons \u00e0 consulter les rubriques consacr\u00e9es aux cookies sur site de la CNIL\u00a0:\u00a0<a href=\"https:\/\/www.cnil.fr\/fr\/cookies-et-autres-traceurs\">https:\/\/www.cnil.fr\/fr\/cookies-et-autres-traceurs<\/a>.<\/p>\n<p>&nbsp;<\/p>\n","protected":false},"excerpt":{"rendered":"<p>Politique d&#8217;utilisation des cookies Qu\u2019est-ce qu\u2019un cookie ? Un cookie est un petit fichier qui est plac\u00e9 sur votre terminal (ordinateur, t\u00e9l\u00e9phone portable, montre connect\u00e9e, tablette, \u2026) lorsque vous consultez&#8230;<\/p>\n","protected":false},"author":15,"featured_media":0,"parent":0,"menu_order":0,"comment_status":"closed","ping_status":"closed","template":"template-sans-footer.php","meta":{"inline_featured_image":false,"footnotes":""},"class_list":["post-29591","page","type-page","status-publish","hentry"],"yoast_head":"<!-- This site is optimized with the Yoast SEO plugin v25.2 - https:\/\/yoast.com\/wordpress\/plugins\/seo\/ -->\n<title>Cookie Policy - Sogetrel<\/title>\n<meta name=\"robots\" content=\"index, follow, max-snippet:-1, max-image-preview:large, max-video-preview:-1\" \/>\n<link rel=\"canonical\" href=\"https:\/\/www.serpe-surete.com\/en\/cookie-policy\/\" \/>\n<meta property=\"og:locale\" content=\"en_US\" \/>\n<meta property=\"og:type\" content=\"article\" \/>\n<meta property=\"og:title\" content=\"Cookie Policy - Sogetrel\" \/>\n<meta property=\"og:description\" content=\"Politique d&#8217;utilisation des cookies Qu\u2019est-ce qu\u2019un cookie ? Un cookie est un petit fichier qui est plac\u00e9 sur votre terminal (ordinateur, t\u00e9l\u00e9phone portable, montre connect\u00e9e, tablette, \u2026) lorsque vous consultez...\" \/>\n<meta property=\"og:url\" content=\"https:\/\/www.serpe-surete.com\/en\/cookie-policy\/\" \/>\n<meta property=\"og:site_name\" content=\"Sogetrel\" \/>\n<meta property=\"article:modified_time\" content=\"2024-06-12T16:43:38+00:00\" \/>\n<meta name=\"twitter:card\" content=\"summary_large_image\" \/>\n<meta name=\"twitter:label1\" content=\"Est. reading time\" \/>\n\t<meta name=\"twitter:data1\" content=\"7 minutes\" \/>\n<script type=\"application\/ld+json\" class=\"yoast-schema-graph\">{\"@context\":\"https:\/\/schema.org\",\"@graph\":[{\"@type\":\"WebPage\",\"@id\":\"https:\/\/www.serpe-surete.com\/en\/cookie-policy\/\",\"url\":\"https:\/\/www.serpe-surete.com\/en\/cookie-policy\/\",\"name\":\"Cookie Policy - Sogetrel\",\"isPartOf\":{\"@id\":\"https:\/\/www.serpe-surete.com\/#website\"},\"datePublished\":\"2024-05-25T09:00:02+00:00\",\"dateModified\":\"2024-06-12T16:43:38+00:00\",\"breadcrumb\":{\"@id\":\"https:\/\/www.serpe-surete.com\/en\/cookie-policy\/#breadcrumb\"},\"inLanguage\":\"en-US\",\"potentialAction\":[{\"@type\":\"ReadAction\",\"target\":[\"https:\/\/www.serpe-surete.com\/en\/cookie-policy\/\"]}]},{\"@type\":\"BreadcrumbList\",\"@id\":\"https:\/\/www.serpe-surete.com\/en\/cookie-policy\/#breadcrumb\",\"itemListElement\":[{\"@type\":\"ListItem\",\"position\":1,\"name\":\"Accueil\",\"item\":\"https:\/\/www.serpe-surete.com\/en\/accueil\/\"},{\"@type\":\"ListItem\",\"position\":2,\"name\":\"Cookie Policy\"}]},{\"@type\":\"WebSite\",\"@id\":\"https:\/\/www.serpe-surete.com\/#website\",\"url\":\"https:\/\/www.serpe-surete.com\/\",\"name\":\"Sogetrel\",\"description\":\"Protection des sites sensibles\",\"potentialAction\":[{\"@type\":\"SearchAction\",\"target\":{\"@type\":\"EntryPoint\",\"urlTemplate\":\"https:\/\/www.serpe-surete.com\/?s={search_term_string}\"},\"query-input\":{\"@type\":\"PropertyValueSpecification\",\"valueRequired\":true,\"valueName\":\"search_term_string\"}}],\"inLanguage\":\"en-US\"}]}<\/script>\n<!-- \/ Yoast SEO plugin. -->","yoast_head_json":{"title":"Cookie Policy - Sogetrel","robots":{"index":"index","follow":"follow","max-snippet":"max-snippet:-1","max-image-preview":"max-image-preview:large","max-video-preview":"max-video-preview:-1"},"canonical":"https:\/\/www.serpe-surete.com\/en\/cookie-policy\/","og_locale":"en_US","og_type":"article","og_title":"Cookie Policy - Sogetrel","og_description":"Politique d&#8217;utilisation des cookies Qu\u2019est-ce qu\u2019un cookie ? Un cookie est un petit fichier qui est plac\u00e9 sur votre terminal (ordinateur, t\u00e9l\u00e9phone portable, montre connect\u00e9e, tablette, \u2026) lorsque vous consultez...","og_url":"https:\/\/www.serpe-surete.com\/en\/cookie-policy\/","og_site_name":"Sogetrel","article_modified_time":"2024-06-12T16:43:38+00:00","twitter_card":"summary_large_image","twitter_misc":{"Est. reading time":"7 minutes"},"schema":{"@context":"https:\/\/schema.org","@graph":[{"@type":"WebPage","@id":"https:\/\/www.serpe-surete.com\/en\/cookie-policy\/","url":"https:\/\/www.serpe-surete.com\/en\/cookie-policy\/","name":"Cookie Policy - Sogetrel","isPartOf":{"@id":"https:\/\/www.serpe-surete.com\/#website"},"datePublished":"2024-05-25T09:00:02+00:00","dateModified":"2024-06-12T16:43:38+00:00","breadcrumb":{"@id":"https:\/\/www.serpe-surete.com\/en\/cookie-policy\/#breadcrumb"},"inLanguage":"en-US","potentialAction":[{"@type":"ReadAction","target":["https:\/\/www.serpe-surete.com\/en\/cookie-policy\/"]}]},{"@type":"BreadcrumbList","@id":"https:\/\/www.serpe-surete.com\/en\/cookie-policy\/#breadcrumb","itemListElement":[{"@type":"ListItem","position":1,"name":"Accueil","item":"https:\/\/www.serpe-surete.com\/en\/accueil\/"},{"@type":"ListItem","position":2,"name":"Cookie Policy"}]},{"@type":"WebSite","@id":"https:\/\/www.serpe-surete.com\/#website","url":"https:\/\/www.serpe-surete.com\/","name":"Sogetrel","description":"Protection des sites sensibles","potentialAction":[{"@type":"SearchAction","target":{"@type":"EntryPoint","urlTemplate":"https:\/\/www.serpe-surete.com\/?s={search_term_string}"},"query-input":{"@type":"PropertyValueSpecification","valueRequired":true,"valueName":"search_term_string"}}],"inLanguage":"en-US"}]}},"_links":{"self":[{"href":"https:\/\/www.serpe-surete.com\/en\/wp-json\/wp\/v2\/pages\/29591","targetHints":{"allow":["GET"]}}],"collection":[{"href":"https:\/\/www.serpe-surete.com\/en\/wp-json\/wp\/v2\/pages"}],"about":[{"href":"https:\/\/www.serpe-surete.com\/en\/wp-json\/wp\/v2\/types\/page"}],"author":[{"embeddable":true,"href":"https:\/\/www.serpe-surete.com\/en\/wp-json\/wp\/v2\/users\/15"}],"replies":[{"embeddable":true,"href":"https:\/\/www.serpe-surete.com\/en\/wp-json\/wp\/v2\/comments?post=29591"}],"version-history":[{"count":0,"href":"https:\/\/www.serpe-surete.com\/en\/wp-json\/wp\/v2\/pages\/29591\/revisions"}],"wp:attachment":[{"href":"https:\/\/www.serpe-surete.com\/en\/wp-json\/wp\/v2\/media?parent=29591"}],"curies":[{"name":"wp","href":"https:\/\/api.w.org\/{rel}","templated":true}]}}